{"id":6831,"date":"2019-11-23T22:05:29","date_gmt":"2019-11-23T21:05:29","guid":{"rendered":"https:\/\/rivieracompany.com\/accueil\/"},"modified":"2023-01-12T15:36:42","modified_gmt":"2023-01-12T14:36:42","slug":"accueil","status":"publish","type":"page","link":"https:\/\/rivieracompany.com\/fr\/","title":{"rendered":"Accueil"},"content":{"rendered":"\t\t<div data-elementor-type=\"wp-post\" data-elementor-id=\"6831\" class=\"elementor elementor-6831 elementor-1841\">\n\t\t\t\t\t\t<div class=\"elementor-inner\">\n\t\t\t\t<div class=\"elementor-section-wrap\">\n\t\t\t\t\t\t\t\t\t<section class=\"elementor-section elementor-top-section elementor-element elementor-element-538fe2b3 elementor-section-height-min-height elementor-section-boxed elementor-section-height-default elementor-section-items-middle\" data-id=\"538fe2b3\" data-element_type=\"section\" data-settings=\"{&quot;background_background&quot;:&quot;video&quot;,&quot;background_video_start&quot;:10,&quot;background_video_link&quot;:&quot;https:\\\/\\\/rivieracompany.com\\\/wp-content\\\/uploads\\\/2022\\\/06\\\/presentation-slide-video-2.mp4&quot;}\">\n\t\t\t\t\t\t\t\t<div class=\"elementor-background-video-container elementor-hidden-phone\">\n\t\t\t\t\t\t\t\t\t\t\t\t\t<video class=\"elementor-background-video-hosted elementor-html5-video\" autoplay muted playsinline loop><\/video>\n\t\t\t\t\t\t\t\t\t\t\t<\/div>\n\t\t\t\t\t\t\t\t\t<div class=\"elementor-background-overlay\"><\/div>\n\t\t\t\t\t\t\t<div class=\"elementor-container elementor-column-gap-default\">\n\t\t\t\t\t\t\t<div class=\"elementor-row\">\n\t\t\t\t\t<div class=\"elementor-column elementor-col-100 elementor-top-column elementor-element elementor-element-24c58c6d\" data-id=\"24c58c6d\" data-element_type=\"column\" data-settings=\"{&quot;background_background&quot;:&quot;classic&quot;}\">\n\t\t\t<div class=\"elementor-column-wrap elementor-element-populated\">\n\t\t\t\t\t\t\t<div class=\"elementor-widget-wrap\">\n\t\t\t\t\t\t<div class=\"elementor-element elementor-element-2b6366c animated-slow elementor-invisible elementor-widget elementor-widget-heading\" data-id=\"2b6366c\" data-element_type=\"widget\" data-settings=\"{&quot;_animation&quot;:&quot;fadeInUp&quot;,&quot;_animation_delay&quot;:300}\" data-widget_type=\"heading.default\">\n\t\t\t\t<div class=\"elementor-widget-container\">\n\t\t\t<h1 class=\"elementor-heading-title elementor-size-default\">RIVIERA<\/h1>\t\t<\/div>\n\t\t\t\t<\/div>\n\t\t\t\t<div class=\"elementor-element elementor-element-b478ed0 animated-slow elementor-invisible elementor-widget elementor-widget-heading\" data-id=\"b478ed0\" data-element_type=\"widget\" data-settings=\"{&quot;_animation&quot;:&quot;fadeInUp&quot;,&quot;_animation_delay&quot;:900}\" data-widget_type=\"heading.default\">\n\t\t\t\t<div class=\"elementor-widget-container\">\n\t\t\t<h1 class=\"elementor-heading-title elementor-size-default\">Company<\/h1>\t\t<\/div>\n\t\t\t\t<\/div>\n\t\t\t\t<div class=\"elementor-element elementor-element-6d018aa animated-slow elementor-widget-divider--view-line elementor-invisible elementor-widget elementor-widget-divider\" data-id=\"6d018aa\" data-element_type=\"widget\" data-settings=\"{&quot;_animation&quot;:&quot;fadeInUp&quot;,&quot;_animation_delay&quot;:1200}\" data-widget_type=\"divider.default\">\n\t\t\t\t<div class=\"elementor-widget-container\">\n\t\t\t\t\t<div class=\"elementor-divider\">\n\t\t\t<span class=\"elementor-divider-separator\">\n\t\t\t\t\t\t<\/span>\n\t\t<\/div>\n\t\t\t\t<\/div>\n\t\t\t\t<\/div>\n\t\t\t\t<div class=\"elementor-element elementor-element-93e83f2 animated-slow elementor-invisible elementor-widget elementor-widget-heading\" data-id=\"93e83f2\" data-element_type=\"widget\" data-settings=\"{&quot;_animation&quot;:&quot;fadeInUp&quot;,&quot;_animation_delay&quot;:300}\" data-widget_type=\"heading.default\">\n\t\t\t\t<div class=\"elementor-widget-container\">\n\t\t\t<h4 class=\"elementor-heading-title elementor-size-default\">CR\u00c9ATEUR D'EXP\u00c9RIENCES MARITIMES<\/h4>\t\t<\/div>\n\t\t\t\t<\/div>\n\t\t\t\t<section class=\"elementor-section elementor-inner-section elementor-element elementor-element-e8650b9 animated-slow elementor-section-boxed elementor-section-height-default elementor-section-height-default elementor-invisible\" data-id=\"e8650b9\" data-element_type=\"section\" data-settings=\"{&quot;animation&quot;:&quot;fadeIn&quot;,&quot;animation_delay&quot;:1200}\">\n\t\t\t\t\t\t<div class=\"elementor-container elementor-column-gap-default\">\n\t\t\t\t\t\t\t<div class=\"elementor-row\">\n\t\t\t\t\t<div class=\"elementor-column elementor-col-100 elementor-inner-column elementor-element elementor-element-d0270f5\" data-id=\"d0270f5\" data-element_type=\"column\">\n\t\t\t<div class=\"elementor-column-wrap elementor-element-populated\">\n\t\t\t\t\t\t\t<div class=\"elementor-widget-wrap\">\n\t\t\t\t\t\t<div class=\"elementor-element elementor-element-43a6353 elementor-widget elementor-widget-heading\" data-id=\"43a6353\" data-element_type=\"widget\" data-widget_type=\"heading.default\">\n\t\t\t\t<div class=\"elementor-widget-container\">\n\t\t\t<h2 class=\"elementor-heading-title elementor-size-default\">UN AMI \u00c0 CHAQUE ESCALE<\/h2>\t\t<\/div>\n\t\t\t\t<\/div>\n\t\t\t\t\t\t<\/div>\n\t\t\t\t\t<\/div>\n\t\t<\/div>\n\t\t\t\t\t\t\t\t<\/div>\n\t\t\t\t\t<\/div>\n\t\t<\/section>\n\t\t\t\t\t\t<\/div>\n\t\t\t\t\t<\/div>\n\t\t<\/div>\n\t\t\t\t\t\t\t\t<\/div>\n\t\t\t\t\t<\/div>\n\t\t<\/section>\n\t\t\t\t\t\t\t\t\t<\/div>\n\t\t\t<\/div>\n\t\t\t\t\t<\/div>\n\t\t","protected":false},"excerpt":{"rendered":"<p>RIVIERA Company CR\u00c9ATEUR D&rsquo;EXP\u00c9RIENCES MARITIMES UN AMI \u00c0 CHAQUE ESCALE<\/p>\n","protected":false},"author":15,"featured_media":0,"parent":0,"menu_order":0,"comment_status":"closed","ping_status":"closed","template":"","meta":{"_mi_skip_tracking":false},"yoast_head":"<!-- This site is optimized with the Yoast SEO plugin v19.14 - https:\/\/yoast.com\/wordpress\/plugins\/seo\/ -->\n<title>Accueil | Riviera Company<\/title>\n<meta name=\"robots\" content=\"index, follow, max-snippet:-1, max-image-preview:large, max-video-preview:-1\" \/>\n<link rel=\"canonical\" href=\"https:\/\/rivieracompany.com\/\" \/>\n<meta property=\"og:locale\" content=\"fr_FR\" \/>\n<meta property=\"og:type\" content=\"article\" \/>\n<meta property=\"og:title\" content=\"Accueil | Riviera Company\" \/>\n<meta property=\"og:description\" content=\"RIVIERA Company CR\u00c9ATEUR D&rsquo;EXP\u00c9RIENCES MARITIMES UN AMI \u00c0 CHAQUE ESCALE\" \/>\n<meta property=\"og:url\" content=\"https:\/\/rivieracompany.com\/\" \/>\n<meta property=\"og:site_name\" content=\"Riviera Company\" \/>\n<meta property=\"article:publisher\" content=\"https:\/\/www.facebook.com\/RivieraCompanyFR\/\" \/>\n<meta property=\"article:modified_time\" content=\"2023-01-12T14:36:42+00:00\" \/>\n<meta name=\"twitter:card\" content=\"summary_large_image\" \/>\n<meta name=\"twitter:site\" content=\"@rivieracompany\" \/>\n<meta name=\"twitter:label1\" content=\"Dur\u00e9e de lecture estim\u00e9e\" \/>\n\t<meta name=\"twitter:data1\" content=\"1 minute\" \/>\n<script type=\"application\/ld+json\" class=\"yoast-schema-graph\">{\"@context\":\"https:\/\/schema.org\",\"@graph\":[{\"@type\":\"WebPage\",\"@id\":\"https:\/\/rivieracompany.com\/\",\"url\":\"https:\/\/rivieracompany.com\/\",\"name\":\"Accueil | Riviera Company\",\"isPartOf\":{\"@id\":\"https:\/\/rivieracompany.com\/#website\"},\"datePublished\":\"2019-11-23T21:05:29+00:00\",\"dateModified\":\"2023-01-12T14:36:42+00:00\",\"breadcrumb\":{\"@id\":\"https:\/\/rivieracompany.com\/#breadcrumb\"},\"inLanguage\":\"fr-FR\",\"potentialAction\":[{\"@type\":\"ReadAction\",\"target\":[\"https:\/\/rivieracompany.com\/\"]}]},{\"@type\":\"BreadcrumbList\",\"@id\":\"https:\/\/rivieracompany.com\/#breadcrumb\",\"itemListElement\":[{\"@type\":\"ListItem\",\"position\":1,\"name\":\"Accueil\",\"item\":\"https:\/\/rivieracompany.com\/\"},{\"@type\":\"ListItem\",\"position\":2,\"name\":\"Accueil\"}]},{\"@type\":\"WebSite\",\"@id\":\"https:\/\/rivieracompany.com\/#website\",\"url\":\"https:\/\/rivieracompany.com\/\",\"name\":\"Riviera Company\",\"description\":\"Yacht Charter\",\"publisher\":{\"@id\":\"https:\/\/rivieracompany.com\/#organization\"},\"potentialAction\":[{\"@type\":\"SearchAction\",\"target\":{\"@type\":\"EntryPoint\",\"urlTemplate\":\"https:\/\/rivieracompany.com\/?s={search_term_string}\"},\"query-input\":\"required name=search_term_string\"}],\"inLanguage\":\"fr-FR\"},{\"@type\":\"Organization\",\"@id\":\"https:\/\/rivieracompany.com\/#organization\",\"name\":\"Riviera Company\",\"url\":\"https:\/\/rivieracompany.com\/\",\"logo\":{\"@type\":\"ImageObject\",\"inLanguage\":\"fr-FR\",\"@id\":\"https:\/\/rivieracompany.com\/#\/schema\/logo\/image\/\",\"url\":\"\",\"contentUrl\":\"\",\"caption\":\"Riviera Company\"},\"image\":{\"@id\":\"https:\/\/rivieracompany.com\/#\/schema\/logo\/image\/\"},\"sameAs\":[\"https:\/\/www.linkedin.com\/company\/riviera-company\/about\/\",\"https:\/\/www.facebook.com\/RivieraCompanyFR\/\",\"https:\/\/twitter.com\/rivieracompany\"]}]}<\/script>\n<!-- \/ Yoast SEO plugin. -->","yoast_head_json":{"title":"Accueil | Riviera Company","robots":{"index":"index","follow":"follow","max-snippet":"max-snippet:-1","max-image-preview":"max-image-preview:large","max-video-preview":"max-video-preview:-1"},"canonical":"https:\/\/rivieracompany.com\/","og_locale":"fr_FR","og_type":"article","og_title":"Accueil | Riviera Company","og_description":"RIVIERA Company CR\u00c9ATEUR D&rsquo;EXP\u00c9RIENCES MARITIMES UN AMI \u00c0 CHAQUE ESCALE","og_url":"https:\/\/rivieracompany.com\/","og_site_name":"Riviera Company","article_publisher":"https:\/\/www.facebook.com\/RivieraCompanyFR\/","article_modified_time":"2023-01-12T14:36:42+00:00","twitter_card":"summary_large_image","twitter_site":"@rivieracompany","twitter_misc":{"Dur\u00e9e de lecture estim\u00e9e":"1 minute"},"schema":{"@context":"https:\/\/schema.org","@graph":[{"@type":"WebPage","@id":"https:\/\/rivieracompany.com\/","url":"https:\/\/rivieracompany.com\/","name":"Accueil | Riviera Company","isPartOf":{"@id":"https:\/\/rivieracompany.com\/#website"},"datePublished":"2019-11-23T21:05:29+00:00","dateModified":"2023-01-12T14:36:42+00:00","breadcrumb":{"@id":"https:\/\/rivieracompany.com\/#breadcrumb"},"inLanguage":"fr-FR","potentialAction":[{"@type":"ReadAction","target":["https:\/\/rivieracompany.com\/"]}]},{"@type":"BreadcrumbList","@id":"https:\/\/rivieracompany.com\/#breadcrumb","itemListElement":[{"@type":"ListItem","position":1,"name":"Accueil","item":"https:\/\/rivieracompany.com\/"},{"@type":"ListItem","position":2,"name":"Accueil"}]},{"@type":"WebSite","@id":"https:\/\/rivieracompany.com\/#website","url":"https:\/\/rivieracompany.com\/","name":"Riviera Company","description":"Yacht Charter","publisher":{"@id":"https:\/\/rivieracompany.com\/#organization"},"potentialAction":[{"@type":"SearchAction","target":{"@type":"EntryPoint","urlTemplate":"https:\/\/rivieracompany.com\/?s={search_term_string}"},"query-input":"required name=search_term_string"}],"inLanguage":"fr-FR"},{"@type":"Organization","@id":"https:\/\/rivieracompany.com\/#organization","name":"Riviera Company","url":"https:\/\/rivieracompany.com\/","logo":{"@type":"ImageObject","inLanguage":"fr-FR","@id":"https:\/\/rivieracompany.com\/#\/schema\/logo\/image\/","url":"","contentUrl":"","caption":"Riviera Company"},"image":{"@id":"https:\/\/rivieracompany.com\/#\/schema\/logo\/image\/"},"sameAs":["https:\/\/www.linkedin.com\/company\/riviera-company\/about\/","https:\/\/www.facebook.com\/RivieraCompanyFR\/","https:\/\/twitter.com\/rivieracompany"]}]}},"_links":{"self":[{"href":"https:\/\/rivieracompany.com\/fr\/wp-json\/wp\/v2\/pages\/6831"}],"collection":[{"href":"https:\/\/rivieracompany.com\/fr\/wp-json\/wp\/v2\/pages"}],"about":[{"href":"https:\/\/rivieracompany.com\/fr\/wp-json\/wp\/v2\/types\/page"}],"author":[{"embeddable":true,"href":"https:\/\/rivieracompany.com\/fr\/wp-json\/wp\/v2\/users\/15"}],"replies":[{"embeddable":true,"href":"https:\/\/rivieracompany.com\/fr\/wp-json\/wp\/v2\/comments?post=6831"}],"version-history":[{"count":0,"href":"https:\/\/rivieracompany.com\/fr\/wp-json\/wp\/v2\/pages\/6831\/revisions"}],"wp:attachment":[{"href":"https:\/\/rivieracompany.com\/fr\/wp-json\/wp\/v2\/media?parent=6831"}],"curies":[{"name":"wp","href":"https:\/\/api.w.org\/{rel}","templated":true}]}}