{"id":6879,"date":"2019-11-23T22:20:51","date_gmt":"2019-11-23T21:20:51","guid":{"rendered":"https:\/\/rivieracompany.com\/chauffeur-personnel\/"},"modified":"2019-12-06T17:26:07","modified_gmt":"2019-12-06T16:26:07","slug":"chauffeur-personnel","status":"publish","type":"page","link":"https:\/\/rivieracompany.com\/fr\/chauffeur-personnel\/","title":{"rendered":"Chauffeur Personnel"},"content":{"rendered":"\t\t<div data-elementor-type=\"wp-post\" data-elementor-id=\"6879\" class=\"elementor elementor-6879 elementor-6312\">\n\t\t\t\t\t\t<div class=\"elementor-inner\">\n\t\t\t\t<div class=\"elementor-section-wrap\">\n\t\t\t\t\t\t\t\t\t<section class=\"elementor-section elementor-top-section elementor-element elementor-element-538fe2b3 elementor-section-full_width elementor-section-height-default elementor-section-height-default\" data-id=\"538fe2b3\" data-element_type=\"section\" data-settings=\"{&quot;background_background&quot;:&quot;slideshow&quot;,&quot;background_slideshow_slide_duration&quot;:3000,&quot;background_slideshow_transition_duration&quot;:1500,&quot;background_slideshow_ken_burns&quot;:&quot;yes&quot;,&quot;background_slideshow_gallery&quot;:[],&quot;background_slideshow_loop&quot;:&quot;yes&quot;,&quot;background_slideshow_slide_transition&quot;:&quot;fade&quot;,&quot;background_slideshow_ken_burns_zoom_direction&quot;:&quot;in&quot;}\">\n\t\t\t\t\t\t\t<div class=\"elementor-background-overlay\"><\/div>\n\t\t\t\t\t\t\t<div class=\"elementor-container elementor-column-gap-no\">\n\t\t\t\t\t\t\t<div class=\"elementor-row\">\n\t\t\t\t\t<div class=\"elementor-column elementor-col-100 elementor-top-column elementor-element elementor-element-24c58c6d\" data-id=\"24c58c6d\" data-element_type=\"column\" data-settings=\"{&quot;background_background&quot;:&quot;classic&quot;}\">\n\t\t\t<div class=\"elementor-column-wrap\">\n\t\t\t\t\t\t\t<div class=\"elementor-widget-wrap\">\n\t\t\t\t\t\t\t\t<\/div>\n\t\t\t\t\t<\/div>\n\t\t<\/div>\n\t\t\t\t\t\t\t\t<\/div>\n\t\t\t\t\t<\/div>\n\t\t<\/section>\n\t\t\t\t<section class=\"elementor-section elementor-top-section elementor-element elementor-element-4df051e elementor-section-boxed elementor-section-height-default elementor-section-height-default\" data-id=\"4df051e\" data-element_type=\"section\" id=\"driver\">\n\t\t\t\t\t\t<div class=\"elementor-container elementor-column-gap-default\">\n\t\t\t\t\t\t\t<div class=\"elementor-row\">\n\t\t\t\t\t<div class=\"elementor-column elementor-col-50 elementor-top-column elementor-element elementor-element-890576a animated-slow elementor-invisible\" data-id=\"890576a\" data-element_type=\"column\" data-settings=\"{&quot;background_background&quot;:&quot;classic&quot;,&quot;motion_fx_motion_fx_scrolling&quot;:&quot;yes&quot;,&quot;motion_fx_translateY_effect&quot;:&quot;yes&quot;,&quot;motion_fx_translateY_direction&quot;:&quot;negative&quot;,&quot;motion_fx_translateY_speed&quot;:{&quot;unit&quot;:&quot;px&quot;,&quot;size&quot;:1,&quot;sizes&quot;:[]},&quot;animation&quot;:&quot;fadeInUp&quot;,&quot;motion_fx_translateY_affectedRange&quot;:{&quot;unit&quot;:&quot;%&quot;,&quot;size&quot;:&quot;&quot;,&quot;sizes&quot;:{&quot;start&quot;:0,&quot;end&quot;:100}},&quot;motion_fx_devices&quot;:[&quot;desktop&quot;,&quot;tablet&quot;,&quot;mobile&quot;]}\">\n\t\t\t<div class=\"elementor-column-wrap elementor-element-populated\">\n\t\t\t\t\t\t\t<div class=\"elementor-widget-wrap\">\n\t\t\t\t\t\t<div class=\"elementor-element elementor-element-b022eae elementor-widget elementor-widget-heading\" data-id=\"b022eae\" data-element_type=\"widget\" data-widget_type=\"heading.default\">\n\t\t\t\t<div class=\"elementor-widget-container\">\n\t\t\t<h5 class=\"elementor-heading-title elementor-size-default\">Confiance<\/h5>\t\t<\/div>\n\t\t\t\t<\/div>\n\t\t\t\t<div class=\"elementor-element elementor-element-547faed elementor-widget elementor-widget-spacer\" data-id=\"547faed\" data-element_type=\"widget\" data-widget_type=\"spacer.default\">\n\t\t\t\t<div class=\"elementor-widget-container\">\n\t\t\t\t\t<div class=\"elementor-spacer\">\n\t\t\t<div class=\"elementor-spacer-inner\"><\/div>\n\t\t<\/div>\n\t\t\t\t<\/div>\n\t\t\t\t<\/div>\n\t\t\t\t<div class=\"elementor-element elementor-element-f697402 elementor-widget elementor-widget-heading\" data-id=\"f697402\" data-element_type=\"widget\" data-widget_type=\"heading.default\">\n\t\t\t\t<div class=\"elementor-widget-container\">\n\t\t\t<h2 class=\"elementor-heading-title elementor-size-default\">Une<\/h2>\t\t<\/div>\n\t\t\t\t<\/div>\n\t\t\t\t<div class=\"elementor-element elementor-element-a397220 elementor-widget elementor-widget-heading\" data-id=\"a397220\" data-element_type=\"widget\" data-widget_type=\"heading.default\">\n\t\t\t\t<div class=\"elementor-widget-container\">\n\t\t\t<h2 class=\"elementor-heading-title elementor-size-default\">Agence<\/h2>\t\t<\/div>\n\t\t\t\t<\/div>\n\t\t\t\t<div class=\"elementor-element elementor-element-0b26e4b elementor-widget elementor-widget-spacer\" data-id=\"0b26e4b\" data-element_type=\"widget\" data-widget_type=\"spacer.default\">\n\t\t\t\t<div class=\"elementor-widget-container\">\n\t\t\t\t\t<div class=\"elementor-spacer\">\n\t\t\t<div class=\"elementor-spacer-inner\"><\/div>\n\t\t<\/div>\n\t\t\t\t<\/div>\n\t\t\t\t<\/div>\n\t\t\t\t<div class=\"elementor-element elementor-element-c49a46d elementor-widget elementor-widget-text-editor\" data-id=\"c49a46d\" data-element_type=\"widget\" data-widget_type=\"text-editor.default\">\n\t\t\t\t<div class=\"elementor-widget-container\">\n\t\t\t\t\t\t\t\t<div class=\"elementor-text-editor elementor-clearfix\">\n\t\t\t\tRiviera Company met \u00e9galement \u00e0 disposition des chauffeurs priv\u00e9s pour vos trajets durant vos vacances, vos voyages d&rsquo;affaires, les p\u00e9riodes saisonni\u00e8res ou toute autre occasion. Nos chauffeurs sont habitu\u00e9s \u00e0 transporter une client\u00e8le d&rsquo;exception, et sauront satisfaire vos besoins.\t\t\t\t\t<\/div>\n\t\t\t\t\t\t<\/div>\n\t\t\t\t<\/div>\n\t\t\t\t\t\t<\/div>\n\t\t\t\t\t<\/div>\n\t\t<\/div>\n\t\t\t\t<div class=\"elementor-column elementor-col-50 elementor-top-column elementor-element elementor-element-0bc3578 animated-slow elementor-invisible\" data-id=\"0bc3578\" data-element_type=\"column\" data-settings=\"{&quot;background_background&quot;:&quot;classic&quot;,&quot;animation&quot;:&quot;fadeInRight&quot;}\">\n\t\t\t<div class=\"elementor-column-wrap elementor-element-populated\">\n\t\t\t\t\t\t\t<div class=\"elementor-widget-wrap\">\n\t\t\t\t\t\t<div class=\"elementor-element elementor-element-0b61a58 elementor-widget elementor-widget-image\" data-id=\"0b61a58\" data-element_type=\"widget\" data-settings=\"{&quot;motion_fx_motion_fx_scrolling&quot;:&quot;yes&quot;,&quot;motion_fx_translateY_effect&quot;:&quot;yes&quot;,&quot;motion_fx_translateY_speed&quot;:{&quot;unit&quot;:&quot;px&quot;,&quot;size&quot;:1,&quot;sizes&quot;:[]},&quot;motion_fx_devices&quot;:[&quot;desktop&quot;,&quot;tablet&quot;],&quot;motion_fx_translateY_affectedRange&quot;:{&quot;unit&quot;:&quot;%&quot;,&quot;size&quot;:&quot;&quot;,&quot;sizes&quot;:{&quot;start&quot;:0,&quot;end&quot;:100}}}\" data-widget_type=\"image.default\">\n\t\t\t\t<div class=\"elementor-widget-container\">\n\t\t\t\t\t\t\t\t<div class=\"elementor-image\">\n\t\t\t\t\t\t\t\t\t\t\t\t<img decoding=\"async\" width=\"768\" height=\"513\" src=\"https:\/\/rivieracompany.com\/wp-content\/uploads\/2019\/10\/shutterstock-384807106-768x513.jpg\" class=\"attachment-medium_large size-medium_large wp-image-6851\" alt=\"\" srcset=\"https:\/\/rivieracompany.com\/wp-content\/uploads\/2019\/10\/shutterstock-384807106-768x513.jpg 768w, https:\/\/rivieracompany.com\/wp-content\/uploads\/2019\/10\/shutterstock-384807106-300x200.jpg 300w, https:\/\/rivieracompany.com\/wp-content\/uploads\/2019\/10\/shutterstock-384807106-1024x684.jpg 1024w, https:\/\/rivieracompany.com\/wp-content\/uploads\/2019\/10\/shutterstock-384807106.jpg 1600w\" sizes=\"(max-width: 768px) 100vw, 768px\" \/>\t\t\t\t\t\t\t\t\t\t\t\t\t\t<\/div>\n\t\t\t\t\t\t<\/div>\n\t\t\t\t<\/div>\n\t\t\t\t\t\t<\/div>\n\t\t\t\t\t<\/div>\n\t\t<\/div>\n\t\t\t\t\t\t\t\t<\/div>\n\t\t\t\t\t<\/div>\n\t\t<\/section>\n\t\t\t\t<section class=\"elementor-section elementor-top-section elementor-element elementor-element-f09af0d elementor-reverse-mobile elementor-section-boxed elementor-section-height-default elementor-section-height-default\" data-id=\"f09af0d\" data-element_type=\"section\">\n\t\t\t\t\t\t<div class=\"elementor-container elementor-column-gap-default\">\n\t\t\t\t\t\t\t<div class=\"elementor-row\">\n\t\t\t\t\t<div class=\"elementor-column elementor-col-50 elementor-top-column elementor-element elementor-element-5204383 animated-slow elementor-invisible\" data-id=\"5204383\" data-element_type=\"column\" data-settings=\"{&quot;background_background&quot;:&quot;classic&quot;,&quot;motion_fx_motion_fx_scrolling&quot;:&quot;yes&quot;,&quot;motion_fx_translateY_effect&quot;:&quot;yes&quot;,&quot;motion_fx_translateY_direction&quot;:&quot;negative&quot;,&quot;motion_fx_translateY_speed&quot;:{&quot;unit&quot;:&quot;px&quot;,&quot;size&quot;:1,&quot;sizes&quot;:[]},&quot;animation&quot;:&quot;fadeInLeft&quot;,&quot;motion_fx_translateY_affectedRange&quot;:{&quot;unit&quot;:&quot;%&quot;,&quot;size&quot;:&quot;&quot;,&quot;sizes&quot;:{&quot;start&quot;:0,&quot;end&quot;:100}},&quot;motion_fx_devices&quot;:[&quot;desktop&quot;,&quot;tablet&quot;,&quot;mobile&quot;]}\">\n\t\t\t<div class=\"elementor-column-wrap elementor-element-populated\">\n\t\t\t\t\t\t\t<div class=\"elementor-widget-wrap\">\n\t\t\t\t\t\t<div class=\"elementor-element elementor-element-1b4636d elementor-widget elementor-widget-image\" data-id=\"1b4636d\" data-element_type=\"widget\" data-widget_type=\"image.default\">\n\t\t\t\t<div class=\"elementor-widget-container\">\n\t\t\t\t\t\t\t\t<div class=\"elementor-image\">\n\t\t\t\t\t\t\t\t\t\t\t\t<img decoding=\"async\" width=\"768\" height=\"512\" src=\"https:\/\/rivieracompany.com\/wp-content\/uploads\/2019\/10\/shutterstock-374122969-768x512.jpg\" class=\"attachment-medium_large size-medium_large wp-image-6852\" alt=\"\" srcset=\"https:\/\/rivieracompany.com\/wp-content\/uploads\/2019\/10\/shutterstock-374122969-768x512.jpg 768w, https:\/\/rivieracompany.com\/wp-content\/uploads\/2019\/10\/shutterstock-374122969-300x200.jpg 300w, https:\/\/rivieracompany.com\/wp-content\/uploads\/2019\/10\/shutterstock-374122969-1024x683.jpg 1024w, https:\/\/rivieracompany.com\/wp-content\/uploads\/2019\/10\/shutterstock-374122969.jpg 1600w\" sizes=\"(max-width: 768px) 100vw, 768px\" \/>\t\t\t\t\t\t\t\t\t\t\t\t\t\t<\/div>\n\t\t\t\t\t\t<\/div>\n\t\t\t\t<\/div>\n\t\t\t\t\t\t<\/div>\n\t\t\t\t\t<\/div>\n\t\t<\/div>\n\t\t\t\t<div class=\"elementor-column elementor-col-50 elementor-top-column elementor-element elementor-element-09fc417 animated-slow elementor-invisible\" data-id=\"09fc417\" data-element_type=\"column\" data-settings=\"{&quot;background_background&quot;:&quot;classic&quot;,&quot;motion_fx_motion_fx_scrolling&quot;:&quot;yes&quot;,&quot;motion_fx_translateY_effect&quot;:&quot;yes&quot;,&quot;motion_fx_translateY_speed&quot;:{&quot;unit&quot;:&quot;px&quot;,&quot;size&quot;:1,&quot;sizes&quot;:[]},&quot;animation&quot;:&quot;fadeInUp&quot;,&quot;motion_fx_translateY_affectedRange&quot;:{&quot;unit&quot;:&quot;%&quot;,&quot;size&quot;:&quot;&quot;,&quot;sizes&quot;:{&quot;start&quot;:0,&quot;end&quot;:100}},&quot;motion_fx_devices&quot;:[&quot;desktop&quot;,&quot;tablet&quot;,&quot;mobile&quot;]}\">\n\t\t\t<div class=\"elementor-column-wrap elementor-element-populated\">\n\t\t\t\t\t\t\t<div class=\"elementor-widget-wrap\">\n\t\t\t\t\t\t<div class=\"elementor-element elementor-element-216e65b elementor-widget elementor-widget-heading\" data-id=\"216e65b\" data-element_type=\"widget\" data-widget_type=\"heading.default\">\n\t\t\t\t<div class=\"elementor-widget-container\">\n\t\t\t<h5 class=\"elementor-heading-title elementor-size-default\">DISPONIBLES<\/h5>\t\t<\/div>\n\t\t\t\t<\/div>\n\t\t\t\t<div class=\"elementor-element elementor-element-e9e22b8 elementor-widget elementor-widget-spacer\" data-id=\"e9e22b8\" data-element_type=\"widget\" data-widget_type=\"spacer.default\">\n\t\t\t\t<div class=\"elementor-widget-container\">\n\t\t\t\t\t<div class=\"elementor-spacer\">\n\t\t\t<div class=\"elementor-spacer-inner\"><\/div>\n\t\t<\/div>\n\t\t\t\t<\/div>\n\t\t\t\t<\/div>\n\t\t\t\t<div class=\"elementor-element elementor-element-53ee4f3 elementor-widget elementor-widget-heading\" data-id=\"53ee4f3\" data-element_type=\"widget\" data-widget_type=\"heading.default\">\n\t\t\t\t<div class=\"elementor-widget-container\">\n\t\t\t<h2 class=\"elementor-heading-title elementor-size-default\">PARTOUT<\/h2>\t\t<\/div>\n\t\t\t\t<\/div>\n\t\t\t\t<div class=\"elementor-element elementor-element-7f18a78 elementor-widget elementor-widget-heading\" data-id=\"7f18a78\" data-element_type=\"widget\" data-widget_type=\"heading.default\">\n\t\t\t\t<div class=\"elementor-widget-container\">\n\t\t\t<h2 class=\"elementor-heading-title elementor-size-default\">TOUT LE TEMPS<\/h2>\t\t<\/div>\n\t\t\t\t<\/div>\n\t\t\t\t<div class=\"elementor-element elementor-element-caa2240 elementor-widget elementor-widget-text-editor\" data-id=\"caa2240\" data-element_type=\"widget\" data-widget_type=\"text-editor.default\">\n\t\t\t\t<div class=\"elementor-widget-container\">\n\t\t\t\t\t\t\t\t<div class=\"elementor-text-editor elementor-clearfix\">\n\t\t\t\t<p>Nous ferons de notre mieux pour trouver le chauffeur id\u00e9al pour vos r\u00e9pondre \u00e0 vos besoins \u00e0 Paris, en France et \u00e0 l&rsquo;\u00e9tranger, gr\u00e2ce \u00e0 notre base de donn\u00e9es de prestataires. Appelez-nous pour r\u00e9server votre prochain voyage.<\/p>\t\t\t\t\t<\/div>\n\t\t\t\t\t\t<\/div>\n\t\t\t\t<\/div>\n\t\t\t\t<div class=\"elementor-element elementor-element-98b1276 elementor-widget elementor-widget-spacer\" data-id=\"98b1276\" data-element_type=\"widget\" data-widget_type=\"spacer.default\">\n\t\t\t\t<div class=\"elementor-widget-container\">\n\t\t\t\t\t<div class=\"elementor-spacer\">\n\t\t\t<div class=\"elementor-spacer-inner\"><\/div>\n\t\t<\/div>\n\t\t\t\t<\/div>\n\t\t\t\t<\/div>\n\t\t\t\t\t\t<\/div>\n\t\t\t\t\t<\/div>\n\t\t<\/div>\n\t\t\t\t\t\t\t\t<\/div>\n\t\t\t\t\t<\/div>\n\t\t<\/section>\n\t\t\t\t<section class=\"elementor-section elementor-top-section elementor-element elementor-element-cee667a elementor-section-height-min-height elementor-section-boxed elementor-section-height-default elementor-section-items-middle\" data-id=\"cee667a\" data-element_type=\"section\" data-settings=\"{&quot;background_background&quot;:&quot;classic&quot;}\">\n\t\t\t\t\t\t<div class=\"elementor-container elementor-column-gap-default\">\n\t\t\t\t\t\t\t<div class=\"elementor-row\">\n\t\t\t\t\t<div class=\"elementor-column elementor-col-100 elementor-top-column elementor-element elementor-element-be584dd\" data-id=\"be584dd\" data-element_type=\"column\">\n\t\t\t<div class=\"elementor-column-wrap elementor-element-populated\">\n\t\t\t\t\t\t\t<div class=\"elementor-widget-wrap\">\n\t\t\t\t\t\t<div class=\"elementor-element elementor-element-e60fa4e elementor-widget elementor-widget-heading\" data-id=\"e60fa4e\" data-element_type=\"widget\" data-widget_type=\"heading.default\">\n\t\t\t\t<div class=\"elementor-widget-container\">\n\t\t\t<h2 class=\"elementor-heading-title elementor-size-default\">R\u00e9server<\/h2>\t\t<\/div>\n\t\t\t\t<\/div>\n\t\t\t\t<div class=\"elementor-element elementor-element-5d26edc elementor-widget elementor-widget-spacer\" data-id=\"5d26edc\" data-element_type=\"widget\" data-widget_type=\"spacer.default\">\n\t\t\t\t<div class=\"elementor-widget-container\">\n\t\t\t\t\t<div class=\"elementor-spacer\">\n\t\t\t<div class=\"elementor-spacer-inner\"><\/div>\n\t\t<\/div>\n\t\t\t\t<\/div>\n\t\t\t\t<\/div>\n\t\t\t\t<div class=\"elementor-element elementor-element-419d29d elementor-align-center elementor-widget elementor-widget-button\" data-id=\"419d29d\" data-element_type=\"widget\" data-widget_type=\"button.default\">\n\t\t\t\t<div class=\"elementor-widget-container\">\n\t\t\t\t\t<div class=\"elementor-button-wrapper\">\n\t\t\t<a href=\"https:\/\/rivieracompany.way-plan.com\/demande\/ajout\/\" target=\"_blank\" class=\"elementor-button-link elementor-button elementor-size-md\" role=\"button\">\n\t\t\t\t\t\t<span class=\"elementor-button-content-wrapper\">\n\t\t\t\t\t\t\t<span class=\"elementor-button-icon elementor-align-icon-right\">\n\t\t\t\t<i aria-hidden=\"true\" class=\"far fa-arrow-alt-circle-right\"><\/i>\t\t\t<\/span>\n\t\t\t\t\t\t<span class=\"elementor-button-text\">D\u00e9couvrir<\/span>\n\t\t<\/span>\n\t\t\t\t\t<\/a>\n\t\t<\/div>\n\t\t\t\t<\/div>\n\t\t\t\t<\/div>\n\t\t\t\t<div class=\"elementor-element elementor-element-508acd5 elementor-widget elementor-widget-spacer\" data-id=\"508acd5\" data-element_type=\"widget\" data-widget_type=\"spacer.default\">\n\t\t\t\t<div class=\"elementor-widget-container\">\n\t\t\t\t\t<div class=\"elementor-spacer\">\n\t\t\t<div class=\"elementor-spacer-inner\"><\/div>\n\t\t<\/div>\n\t\t\t\t<\/div>\n\t\t\t\t<\/div>\n\t\t\t\t\t\t<\/div>\n\t\t\t\t\t<\/div>\n\t\t<\/div>\n\t\t\t\t\t\t\t\t<\/div>\n\t\t\t\t\t<\/div>\n\t\t<\/section>\n\t\t\t\t\t\t\t\t\t<\/div>\n\t\t\t<\/div>\n\t\t\t\t\t<\/div>\n\t\t","protected":false},"excerpt":{"rendered":"<p>arrow Chauffeur Personnel \u2193 Chauffeur Personnel \u2193 Chauffeur Personnel \u2193 Confiance Une Agence Riviera Company met \u00e9galement \u00e0 disposition des chauffeurs priv\u00e9s pour vos trajets durant vos vacances, vos voyages d&rsquo;affaires, les p\u00e9riodes saisonni\u00e8res ou toute autre occasion. Nos chauffeurs sont habitu\u00e9s \u00e0 transporter une client\u00e8le d&rsquo;exception, et sauront satisfaire vos besoins. DISPONIBLES PARTOUT TOUT [&hellip;]<\/p>\n","protected":false},"author":15,"featured_media":0,"parent":0,"menu_order":3,"comment_status":"closed","ping_status":"closed","template":"","meta":{"_mi_skip_tracking":false},"yoast_head":"<!-- This site is optimized with the Yoast SEO plugin v19.14 - https:\/\/yoast.com\/wordpress\/plugins\/seo\/ -->\n<title>Chauffeur Personnel | Riviera Company<\/title>\n<meta name=\"robots\" content=\"index, follow, max-snippet:-1, max-image-preview:large, max-video-preview:-1\" \/>\n<link rel=\"canonical\" href=\"https:\/\/rivieracompany.com\/chauffeur-personnel\/\" \/>\n<meta property=\"og:locale\" content=\"fr_FR\" \/>\n<meta property=\"og:type\" content=\"article\" \/>\n<meta property=\"og:title\" content=\"Chauffeur Personnel | Riviera Company\" \/>\n<meta property=\"og:description\" content=\"arrow Chauffeur Personnel \u2193 Chauffeur Personnel \u2193 Chauffeur Personnel \u2193 Confiance Une Agence Riviera Company met \u00e9galement \u00e0 disposition des chauffeurs priv\u00e9s pour vos trajets durant vos vacances, vos voyages d&rsquo;affaires, les p\u00e9riodes saisonni\u00e8res ou toute autre occasion. Nos chauffeurs sont habitu\u00e9s \u00e0 transporter une client\u00e8le d&rsquo;exception, et sauront satisfaire vos besoins. DISPONIBLES PARTOUT TOUT [&hellip;]\" \/>\n<meta property=\"og:url\" content=\"https:\/\/rivieracompany.com\/chauffeur-personnel\/\" \/>\n<meta property=\"og:site_name\" content=\"Riviera Company\" \/>\n<meta property=\"article:publisher\" content=\"https:\/\/www.facebook.com\/RivieraCompanyFR\/\" \/>\n<meta property=\"article:modified_time\" content=\"2019-12-06T16:26:07+00:00\" \/>\n<meta property=\"og:image\" content=\"https:\/\/rivieracompany.com\/wp-content\/uploads\/2019\/11\/shutterstock-1465944230.jpg\" \/>\n<meta name=\"twitter:card\" content=\"summary_large_image\" \/>\n<meta name=\"twitter:site\" content=\"@rivieracompany\" \/>\n<meta name=\"twitter:label1\" content=\"Dur\u00e9e de lecture estim\u00e9e\" \/>\n\t<meta name=\"twitter:data1\" content=\"1 minute\" \/>\n<script type=\"application\/ld+json\" class=\"yoast-schema-graph\">{\"@context\":\"https:\/\/schema.org\",\"@graph\":[{\"@type\":\"WebPage\",\"@id\":\"https:\/\/rivieracompany.com\/chauffeur-personnel\/\",\"url\":\"https:\/\/rivieracompany.com\/chauffeur-personnel\/\",\"name\":\"Chauffeur Personnel | Riviera Company\",\"isPartOf\":{\"@id\":\"https:\/\/rivieracompany.com\/#website\"},\"datePublished\":\"2019-11-23T21:20:51+00:00\",\"dateModified\":\"2019-12-06T16:26:07+00:00\",\"breadcrumb\":{\"@id\":\"https:\/\/rivieracompany.com\/chauffeur-personnel\/#breadcrumb\"},\"inLanguage\":\"fr-FR\",\"potentialAction\":[{\"@type\":\"ReadAction\",\"target\":[\"https:\/\/rivieracompany.com\/chauffeur-personnel\/\"]}]},{\"@type\":\"BreadcrumbList\",\"@id\":\"https:\/\/rivieracompany.com\/chauffeur-personnel\/#breadcrumb\",\"itemListElement\":[{\"@type\":\"ListItem\",\"position\":1,\"name\":\"Accueil\",\"item\":\"https:\/\/rivieracompany.com\/\"},{\"@type\":\"ListItem\",\"position\":2,\"name\":\"Chauffeur Personnel\"}]},{\"@type\":\"WebSite\",\"@id\":\"https:\/\/rivieracompany.com\/#website\",\"url\":\"https:\/\/rivieracompany.com\/\",\"name\":\"Riviera Company\",\"description\":\"Yacht Charter\",\"publisher\":{\"@id\":\"https:\/\/rivieracompany.com\/#organization\"},\"potentialAction\":[{\"@type\":\"SearchAction\",\"target\":{\"@type\":\"EntryPoint\",\"urlTemplate\":\"https:\/\/rivieracompany.com\/?s={search_term_string}\"},\"query-input\":\"required name=search_term_string\"}],\"inLanguage\":\"fr-FR\"},{\"@type\":\"Organization\",\"@id\":\"https:\/\/rivieracompany.com\/#organization\",\"name\":\"Riviera Company\",\"url\":\"https:\/\/rivieracompany.com\/\",\"logo\":{\"@type\":\"ImageObject\",\"inLanguage\":\"fr-FR\",\"@id\":\"https:\/\/rivieracompany.com\/#\/schema\/logo\/image\/\",\"url\":\"\",\"contentUrl\":\"\",\"caption\":\"Riviera Company\"},\"image\":{\"@id\":\"https:\/\/rivieracompany.com\/#\/schema\/logo\/image\/\"},\"sameAs\":[\"https:\/\/www.linkedin.com\/company\/riviera-company\/about\/\",\"https:\/\/www.facebook.com\/RivieraCompanyFR\/\",\"https:\/\/twitter.com\/rivieracompany\"]}]}<\/script>\n<!-- \/ Yoast SEO plugin. -->","yoast_head_json":{"title":"Chauffeur Personnel | Riviera Company","robots":{"index":"index","follow":"follow","max-snippet":"max-snippet:-1","max-image-preview":"max-image-preview:large","max-video-preview":"max-video-preview:-1"},"canonical":"https:\/\/rivieracompany.com\/chauffeur-personnel\/","og_locale":"fr_FR","og_type":"article","og_title":"Chauffeur Personnel | Riviera Company","og_description":"arrow Chauffeur Personnel \u2193 Chauffeur Personnel \u2193 Chauffeur Personnel \u2193 Confiance Une Agence Riviera Company met \u00e9galement \u00e0 disposition des chauffeurs priv\u00e9s pour vos trajets durant vos vacances, vos voyages d&rsquo;affaires, les p\u00e9riodes saisonni\u00e8res ou toute autre occasion. Nos chauffeurs sont habitu\u00e9s \u00e0 transporter une client\u00e8le d&rsquo;exception, et sauront satisfaire vos besoins. DISPONIBLES PARTOUT TOUT [&hellip;]","og_url":"https:\/\/rivieracompany.com\/chauffeur-personnel\/","og_site_name":"Riviera Company","article_publisher":"https:\/\/www.facebook.com\/RivieraCompanyFR\/","article_modified_time":"2019-12-06T16:26:07+00:00","og_image":[{"url":"https:\/\/rivieracompany.com\/wp-content\/uploads\/2019\/11\/shutterstock-1465944230.jpg"}],"twitter_card":"summary_large_image","twitter_site":"@rivieracompany","twitter_misc":{"Dur\u00e9e de lecture estim\u00e9e":"1 minute"},"schema":{"@context":"https:\/\/schema.org","@graph":[{"@type":"WebPage","@id":"https:\/\/rivieracompany.com\/chauffeur-personnel\/","url":"https:\/\/rivieracompany.com\/chauffeur-personnel\/","name":"Chauffeur Personnel | Riviera Company","isPartOf":{"@id":"https:\/\/rivieracompany.com\/#website"},"datePublished":"2019-11-23T21:20:51+00:00","dateModified":"2019-12-06T16:26:07+00:00","breadcrumb":{"@id":"https:\/\/rivieracompany.com\/chauffeur-personnel\/#breadcrumb"},"inLanguage":"fr-FR","potentialAction":[{"@type":"ReadAction","target":["https:\/\/rivieracompany.com\/chauffeur-personnel\/"]}]},{"@type":"BreadcrumbList","@id":"https:\/\/rivieracompany.com\/chauffeur-personnel\/#breadcrumb","itemListElement":[{"@type":"ListItem","position":1,"name":"Accueil","item":"https:\/\/rivieracompany.com\/"},{"@type":"ListItem","position":2,"name":"Chauffeur Personnel"}]},{"@type":"WebSite","@id":"https:\/\/rivieracompany.com\/#website","url":"https:\/\/rivieracompany.com\/","name":"Riviera Company","description":"Yacht Charter","publisher":{"@id":"https:\/\/rivieracompany.com\/#organization"},"potentialAction":[{"@type":"SearchAction","target":{"@type":"EntryPoint","urlTemplate":"https:\/\/rivieracompany.com\/?s={search_term_string}"},"query-input":"required name=search_term_string"}],"inLanguage":"fr-FR"},{"@type":"Organization","@id":"https:\/\/rivieracompany.com\/#organization","name":"Riviera Company","url":"https:\/\/rivieracompany.com\/","logo":{"@type":"ImageObject","inLanguage":"fr-FR","@id":"https:\/\/rivieracompany.com\/#\/schema\/logo\/image\/","url":"","contentUrl":"","caption":"Riviera Company"},"image":{"@id":"https:\/\/rivieracompany.com\/#\/schema\/logo\/image\/"},"sameAs":["https:\/\/www.linkedin.com\/company\/riviera-company\/about\/","https:\/\/www.facebook.com\/RivieraCompanyFR\/","https:\/\/twitter.com\/rivieracompany"]}]}},"_links":{"self":[{"href":"https:\/\/rivieracompany.com\/fr\/wp-json\/wp\/v2\/pages\/6879"}],"collection":[{"href":"https:\/\/rivieracompany.com\/fr\/wp-json\/wp\/v2\/pages"}],"about":[{"href":"https:\/\/rivieracompany.com\/fr\/wp-json\/wp\/v2\/types\/page"}],"author":[{"embeddable":true,"href":"https:\/\/rivieracompany.com\/fr\/wp-json\/wp\/v2\/users\/15"}],"replies":[{"embeddable":true,"href":"https:\/\/rivieracompany.com\/fr\/wp-json\/wp\/v2\/comments?post=6879"}],"version-history":[{"count":0,"href":"https:\/\/rivieracompany.com\/fr\/wp-json\/wp\/v2\/pages\/6879\/revisions"}],"wp:attachment":[{"href":"https:\/\/rivieracompany.com\/fr\/wp-json\/wp\/v2\/media?parent=6879"}],"curies":[{"name":"wp","href":"https:\/\/api.w.org\/{rel}","templated":true}]}}