{"id":6893,"date":"2019-11-23T22:26:02","date_gmt":"2019-11-23T21:26:02","guid":{"rendered":"https:\/\/rivieracompany.com\/politique-de-confidentialite\/"},"modified":"2022-06-21T16:13:01","modified_gmt":"2022-06-21T14:13:01","slug":"politique-de-confidentialite","status":"publish","type":"page","link":"https:\/\/rivieracompany.com\/fr\/politique-de-confidentialite\/","title":{"rendered":"Politique de confidentialit\u00e9"},"content":{"rendered":"\t\t<div data-elementor-type=\"wp-post\" data-elementor-id=\"6893\" class=\"elementor elementor-6893 elementor-1392\">\n\t\t\t\t\t\t<div class=\"elementor-inner\">\n\t\t\t\t<div class=\"elementor-section-wrap\">\n\t\t\t\t\t\t\t\t\t<section class=\"elementor-section elementor-top-section elementor-element elementor-element-5a3a4d1 elementor-section-full_width elementor-section-height-default elementor-section-height-default\" data-id=\"5a3a4d1\" data-element_type=\"section\" data-settings=\"{&quot;background_background&quot;:&quot;classic&quot;}\">\n\t\t\t\t\t\t<div class=\"elementor-container elementor-column-gap-default\">\n\t\t\t\t\t\t\t<div class=\"elementor-row\">\n\t\t\t\t\t<div class=\"elementor-column elementor-col-100 elementor-top-column elementor-element elementor-element-df46e62\" data-id=\"df46e62\" data-element_type=\"column\">\n\t\t\t<div class=\"elementor-column-wrap elementor-element-populated\">\n\t\t\t\t\t\t\t<div class=\"elementor-widget-wrap\">\n\t\t\t\t\t\t<div class=\"elementor-element elementor-element-e4fd68c elementor-widget elementor-widget-spacer\" data-id=\"e4fd68c\" data-element_type=\"widget\" data-widget_type=\"spacer.default\">\n\t\t\t\t<div class=\"elementor-widget-container\">\n\t\t\t\t\t<div class=\"elementor-spacer\">\n\t\t\t<div class=\"elementor-spacer-inner\"><\/div>\n\t\t<\/div>\n\t\t\t\t<\/div>\n\t\t\t\t<\/div>\n\t\t\t\t\t\t<\/div>\n\t\t\t\t\t<\/div>\n\t\t<\/div>\n\t\t\t\t\t\t\t\t<\/div>\n\t\t\t\t\t<\/div>\n\t\t<\/section>\n\t\t\t\t<section class=\"elementor-section elementor-top-section elementor-element elementor-element-321f00aa elementor-section-boxed elementor-section-height-default elementor-section-height-default\" data-id=\"321f00aa\" data-element_type=\"section\" data-settings=\"{&quot;background_background&quot;:&quot;classic&quot;}\">\n\t\t\t\t\t\t<div class=\"elementor-container elementor-column-gap-default\">\n\t\t\t\t\t\t\t<div class=\"elementor-row\">\n\t\t\t\t\t<div class=\"elementor-column elementor-col-100 elementor-top-column elementor-element elementor-element-14e2d277\" data-id=\"14e2d277\" data-element_type=\"column\" data-settings=\"{&quot;background_background&quot;:&quot;classic&quot;}\">\n\t\t\t<div class=\"elementor-column-wrap elementor-element-populated\">\n\t\t\t\t\t<div class=\"elementor-background-overlay\"><\/div>\n\t\t\t\t\t\t\t<div class=\"elementor-widget-wrap\">\n\t\t\t\t\t\t<div class=\"elementor-element elementor-element-412d1be elementor-widget elementor-widget-heading\" data-id=\"412d1be\" data-element_type=\"widget\" data-widget_type=\"heading.default\">\n\t\t\t\t<div class=\"elementor-widget-container\">\n\t\t\t<h1 class=\"elementor-heading-title elementor-size-default\">Termes<\/h1>\t\t<\/div>\n\t\t\t\t<\/div>\n\t\t\t\t<div class=\"elementor-element elementor-element-cb5be02 elementor-widget elementor-widget-text-editor\" data-id=\"cb5be02\" data-element_type=\"widget\" data-widget_type=\"text-editor.default\">\n\t\t\t\t<div class=\"elementor-widget-container\">\n\t\t\t\t\t\t\t\t<div class=\"elementor-text-editor elementor-clearfix\">\n\t\t\t\t<p>Veuillez lire attentivement les pr\u00e9sentes conditions d&rsquo;utilisation avant d&rsquo;utiliser notre site web. Nous vous recommandons d&rsquo;en conserver une copie pour r\u00e9f\u00e9rence ult\u00e9rieure. Veuillez noter que nous modifions ces conditions de temps \u00e0 autre. En utilisant notre site, vous confirmez que vous acceptez ces conditions d&rsquo;utilisation et que vous vous engagez \u00e0 les respecter. Si vous n&rsquo;acceptez pas ces conditions d&rsquo;utilisation, veuillez ne pas utiliser notre site. L&rsquo;utilisation de notre site est \u00e9galement r\u00e9gie par nos politiques de confidentialit\u00e9 et de cookies.<\/p><p><b>A PROPOS DE NOUS<\/b><\/p><p>RIVIERA COMPANY est un nom commercial de SARL RIVIERA COMPANY : immatricul\u00e9e en France sous le num\u00e9ro 994 797 472. Notre si\u00e8ge social est situ\u00e9 17 AV MICHEL CREPEAU, 17000 La Rochelle. RIVIERA COMPANY garantit \u00eatre titulaire d&rsquo;une assurance conforme \u00e0 la r\u00e9glementation en vigueur.<\/p><p><b>NOTRE SITE INTERNET<\/b><\/p><p>Le domaine rivieracompany.com est fourni par RIVIERA COMPANY. Notre site est destin\u00e9 \u00e0 fournir des informations g\u00e9n\u00e9rales et des conseils sur nos services et des informations marketing. En raison de la politique de d\u00e9veloppement continu de RIVIERA COMPANY, nous pouvons modifier les sp\u00e9cifications, les prix et le contenu du site \u00e0 tout moment.<\/p><p><b>DROITS DE PROPRI\u00c9T\u00c9 INTELLECTUELLE<\/b><\/p><p>Nous sommes le propri\u00e9taire ou le licenci\u00e9 de tous les droits de propri\u00e9t\u00e9 intellectuelle sur notre site et sur le mat\u00e9riel publi\u00e9 sur celui-ci, y compris les images. Ces travaux sont prot\u00e9g\u00e9s par les lois et trait\u00e9s sur le droit d&rsquo;auteur dans le monde entier. Tous ces droits sont r\u00e9serv\u00e9s et, sauf indication contraire, le droit d&rsquo;auteur et les autres droits de propri\u00e9t\u00e9 intellectuelle de tout le mat\u00e9riel publi\u00e9 sur notre site Web, ainsi que tous les aspects de ce site Web, y compris la conception, le texte, les graphiques, les images, les applications, les logiciels et le code source sous-jacent, appartiennent \u00e0 RIVIERA COMPANY. En acc\u00e9dant \u00e0 ces pages Web, vous acceptez que tout t\u00e9l\u00e9chargement de contenu soit uniquement destin\u00e9 \u00e0 des fins personnelles et non commerciales. Aucun mat\u00e9riel ou partie de ce site web ne peut \u00eatre copi\u00e9, reproduit ou transmis sous quelque forme ou par quelque moyen que ce soit, \u00e9lectronique, m\u00e9canique, photocopie, enregistrement ou autre, sans l&rsquo;autorisation pr\u00e9alable de RIVIERA COMPANY.<\/p><p><b>G\u00c9N\u00c9RALIT\u00c9S<\/b><\/p><p>Nous ne garantissons pas que notre site, ou tout contenu de celui-ci, sera exempt de bogues, de virus, d&rsquo;erreurs ou d&rsquo;omissions et votre utilisation de ce site et la confiance en son contenu sont enti\u00e8rement \u00e0 vos risques et p\u00e9rils. Vous \u00eates responsable de la configuration de votre technologie de l&rsquo;information, de vos programmes informatiques et de votre plate-forme afin d&rsquo;acc\u00e9der \u00e0 notre site. Vous devez utiliser votre propre logiciel de protection contre les virus. Dans la mesure o\u00f9 la loi le permet, nous excluons toutes les conditions, garanties, repr\u00e9sentations ou autres termes qui peuvent s&rsquo;appliquer \u00e0 notre site ou \u00e0 son contenu, qu&rsquo;ils soient explicites ou implicites. Vous ne devez pas tenter d&rsquo;obtenir un acc\u00e8s non autoris\u00e9 \u00e0 notre site web, au serveur sur lequel notre site est stock\u00e9 ou \u00e0 tout serveur, ordinateur ou base de donn\u00e9es connect\u00e9 \u00e0 notre site web. Vous pouvez \u00e9tablir un lien vers notre site web, \u00e0 condition de le faire d&rsquo;une mani\u00e8re juste et l\u00e9gale et de ne pas porter atteinte \u00e0 notre r\u00e9putation ou d&rsquo;en tirer profit. Vous ne devez pas \u00e9tablir un lien de mani\u00e8re \u00e0 sugg\u00e9rer une forme d&rsquo;association, d&rsquo;approbation ou de soutien de notre part lorsqu&rsquo;il n&rsquo;en existe pas. Lorsque notre site contient des liens vers d&rsquo;autres sites et ressources fournis par des tiers, ces liens sont fournis uniquement \u00e0 titre d&rsquo;information. Nous n&rsquo;avons aucun contr\u00f4le sur le contenu de ces sites ou ressources.<\/p><p><b>DROIT APPLICABLE<\/b><\/p><p>Toute question touchant \u00e0 l&rsquo;application ou \u00e0 l&rsquo;interpr\u00e9tation des pr\u00e9sentes Conditions G\u00e9n\u00e9rales est r\u00e9gie par le droit fran\u00e7ais et soumise \u00e0 la juridiction des tribunaux comp\u00e9tents, \u00e0 la demande de l&rsquo;une des parties. Tout litige fait l&rsquo;objet d&rsquo;une concertation pr\u00e9alable afin de trouver une solution mutuellement acceptable. A d\u00e9faut, les parties pourront d\u00e9cider de saisir le tribunal comp\u00e9tent.<\/p><p><b>CONTACTEZ-NOUS<\/b><\/p><p>Si vous avez des questions ou si vous souhaitez entrer en contact avec notre site web, veuillez envoyer un courriel \u00e0 : contact@rivieracompany.com<\/p><p>Nous vous remercions de votre visite sur notre site.<\/p>\t\t\t\t\t<\/div>\n\t\t\t\t\t\t<\/div>\n\t\t\t\t<\/div>\n\t\t\t\t\t\t<\/div>\n\t\t\t\t\t<\/div>\n\t\t<\/div>\n\t\t\t\t\t\t\t\t<\/div>\n\t\t\t\t\t<\/div>\n\t\t<\/section>\n\t\t\t\t\t\t\t\t\t<\/div>\n\t\t\t<\/div>\n\t\t\t\t\t<\/div>\n\t\t","protected":false},"excerpt":{"rendered":"<p>Termes Veuillez lire attentivement les pr\u00e9sentes conditions d&rsquo;utilisation avant d&rsquo;utiliser notre site web. Nous vous recommandons d&rsquo;en conserver une copie pour r\u00e9f\u00e9rence ult\u00e9rieure. Veuillez noter que nous modifions ces conditions de temps \u00e0 autre. En utilisant notre site, vous confirmez que vous acceptez ces conditions d&rsquo;utilisation et que vous vous engagez \u00e0 les respecter. Si [&hellip;]<\/p>\n","protected":false},"author":15,"featured_media":0,"parent":0,"menu_order":7,"comment_status":"closed","ping_status":"closed","template":"","meta":{"_mi_skip_tracking":false},"yoast_head":"<!-- This site is optimized with the Yoast SEO plugin v19.14 - https:\/\/yoast.com\/wordpress\/plugins\/seo\/ -->\n<title>Politique de confidentialit\u00e9 | Riviera Company<\/title>\n<meta name=\"robots\" content=\"noindex, nofollow\" \/>\n<meta property=\"og:locale\" content=\"fr_FR\" \/>\n<meta property=\"og:type\" content=\"article\" \/>\n<meta property=\"og:title\" content=\"Politique de confidentialit\u00e9 | Riviera Company\" \/>\n<meta property=\"og:description\" content=\"Termes Veuillez lire attentivement les pr\u00e9sentes conditions d&rsquo;utilisation avant d&rsquo;utiliser notre site web. Nous vous recommandons d&rsquo;en conserver une copie pour r\u00e9f\u00e9rence ult\u00e9rieure. Veuillez noter que nous modifions ces conditions de temps \u00e0 autre. En utilisant notre site, vous confirmez que vous acceptez ces conditions d&rsquo;utilisation et que vous vous engagez \u00e0 les respecter. Si [&hellip;]\" \/>\n<meta property=\"og:url\" content=\"https:\/\/rivieracompany.com\/politique-de-confidentialite\/\" \/>\n<meta property=\"og:site_name\" content=\"Riviera Company\" \/>\n<meta property=\"article:publisher\" content=\"https:\/\/www.facebook.com\/RivieraCompanyFR\/\" \/>\n<meta property=\"article:modified_time\" content=\"2022-06-21T14:13:01+00:00\" \/>\n<meta name=\"twitter:card\" content=\"summary_large_image\" \/>\n<meta name=\"twitter:site\" content=\"@rivieracompany\" \/>\n<meta name=\"twitter:label1\" content=\"Dur\u00e9e de lecture estim\u00e9e\" \/>\n\t<meta name=\"twitter:data1\" content=\"3 minutes\" \/>\n<script type=\"application\/ld+json\" class=\"yoast-schema-graph\">{\"@context\":\"https:\/\/schema.org\",\"@graph\":[{\"@type\":\"WebPage\",\"@id\":\"https:\/\/rivieracompany.com\/politique-de-confidentialite\/\",\"url\":\"https:\/\/rivieracompany.com\/politique-de-confidentialite\/\",\"name\":\"Politique de confidentialit\u00e9 | Riviera Company\",\"isPartOf\":{\"@id\":\"https:\/\/rivieracompany.com\/#website\"},\"datePublished\":\"2019-11-23T21:26:02+00:00\",\"dateModified\":\"2022-06-21T14:13:01+00:00\",\"breadcrumb\":{\"@id\":\"https:\/\/rivieracompany.com\/politique-de-confidentialite\/#breadcrumb\"},\"inLanguage\":\"fr-FR\",\"potentialAction\":[{\"@type\":\"ReadAction\",\"target\":[\"https:\/\/rivieracompany.com\/politique-de-confidentialite\/\"]}]},{\"@type\":\"BreadcrumbList\",\"@id\":\"https:\/\/rivieracompany.com\/politique-de-confidentialite\/#breadcrumb\",\"itemListElement\":[{\"@type\":\"ListItem\",\"position\":1,\"name\":\"Accueil\",\"item\":\"https:\/\/rivieracompany.com\/\"},{\"@type\":\"ListItem\",\"position\":2,\"name\":\"Politique de confidentialit\u00e9\"}]},{\"@type\":\"WebSite\",\"@id\":\"https:\/\/rivieracompany.com\/#website\",\"url\":\"https:\/\/rivieracompany.com\/\",\"name\":\"Riviera Company\",\"description\":\"Yacht Charter\",\"publisher\":{\"@id\":\"https:\/\/rivieracompany.com\/#organization\"},\"potentialAction\":[{\"@type\":\"SearchAction\",\"target\":{\"@type\":\"EntryPoint\",\"urlTemplate\":\"https:\/\/rivieracompany.com\/?s={search_term_string}\"},\"query-input\":\"required name=search_term_string\"}],\"inLanguage\":\"fr-FR\"},{\"@type\":\"Organization\",\"@id\":\"https:\/\/rivieracompany.com\/#organization\",\"name\":\"Riviera Company\",\"url\":\"https:\/\/rivieracompany.com\/\",\"logo\":{\"@type\":\"ImageObject\",\"inLanguage\":\"fr-FR\",\"@id\":\"https:\/\/rivieracompany.com\/#\/schema\/logo\/image\/\",\"url\":\"\",\"contentUrl\":\"\",\"caption\":\"Riviera Company\"},\"image\":{\"@id\":\"https:\/\/rivieracompany.com\/#\/schema\/logo\/image\/\"},\"sameAs\":[\"https:\/\/www.linkedin.com\/company\/riviera-company\/about\/\",\"https:\/\/www.facebook.com\/RivieraCompanyFR\/\",\"https:\/\/twitter.com\/rivieracompany\"]}]}<\/script>\n<!-- \/ Yoast SEO plugin. -->","yoast_head_json":{"title":"Politique de confidentialit\u00e9 | Riviera Company","robots":{"index":"noindex","follow":"nofollow"},"og_locale":"fr_FR","og_type":"article","og_title":"Politique de confidentialit\u00e9 | Riviera Company","og_description":"Termes Veuillez lire attentivement les pr\u00e9sentes conditions d&rsquo;utilisation avant d&rsquo;utiliser notre site web. Nous vous recommandons d&rsquo;en conserver une copie pour r\u00e9f\u00e9rence ult\u00e9rieure. Veuillez noter que nous modifions ces conditions de temps \u00e0 autre. En utilisant notre site, vous confirmez que vous acceptez ces conditions d&rsquo;utilisation et que vous vous engagez \u00e0 les respecter. Si [&hellip;]","og_url":"https:\/\/rivieracompany.com\/politique-de-confidentialite\/","og_site_name":"Riviera Company","article_publisher":"https:\/\/www.facebook.com\/RivieraCompanyFR\/","article_modified_time":"2022-06-21T14:13:01+00:00","twitter_card":"summary_large_image","twitter_site":"@rivieracompany","twitter_misc":{"Dur\u00e9e de lecture estim\u00e9e":"3 minutes"},"schema":{"@context":"https:\/\/schema.org","@graph":[{"@type":"WebPage","@id":"https:\/\/rivieracompany.com\/politique-de-confidentialite\/","url":"https:\/\/rivieracompany.com\/politique-de-confidentialite\/","name":"Politique de confidentialit\u00e9 | Riviera Company","isPartOf":{"@id":"https:\/\/rivieracompany.com\/#website"},"datePublished":"2019-11-23T21:26:02+00:00","dateModified":"2022-06-21T14:13:01+00:00","breadcrumb":{"@id":"https:\/\/rivieracompany.com\/politique-de-confidentialite\/#breadcrumb"},"inLanguage":"fr-FR","potentialAction":[{"@type":"ReadAction","target":["https:\/\/rivieracompany.com\/politique-de-confidentialite\/"]}]},{"@type":"BreadcrumbList","@id":"https:\/\/rivieracompany.com\/politique-de-confidentialite\/#breadcrumb","itemListElement":[{"@type":"ListItem","position":1,"name":"Accueil","item":"https:\/\/rivieracompany.com\/"},{"@type":"ListItem","position":2,"name":"Politique de confidentialit\u00e9"}]},{"@type":"WebSite","@id":"https:\/\/rivieracompany.com\/#website","url":"https:\/\/rivieracompany.com\/","name":"Riviera Company","description":"Yacht Charter","publisher":{"@id":"https:\/\/rivieracompany.com\/#organization"},"potentialAction":[{"@type":"SearchAction","target":{"@type":"EntryPoint","urlTemplate":"https:\/\/rivieracompany.com\/?s={search_term_string}"},"query-input":"required name=search_term_string"}],"inLanguage":"fr-FR"},{"@type":"Organization","@id":"https:\/\/rivieracompany.com\/#organization","name":"Riviera Company","url":"https:\/\/rivieracompany.com\/","logo":{"@type":"ImageObject","inLanguage":"fr-FR","@id":"https:\/\/rivieracompany.com\/#\/schema\/logo\/image\/","url":"","contentUrl":"","caption":"Riviera Company"},"image":{"@id":"https:\/\/rivieracompany.com\/#\/schema\/logo\/image\/"},"sameAs":["https:\/\/www.linkedin.com\/company\/riviera-company\/about\/","https:\/\/www.facebook.com\/RivieraCompanyFR\/","https:\/\/twitter.com\/rivieracompany"]}]}},"_links":{"self":[{"href":"https:\/\/rivieracompany.com\/fr\/wp-json\/wp\/v2\/pages\/6893"}],"collection":[{"href":"https:\/\/rivieracompany.com\/fr\/wp-json\/wp\/v2\/pages"}],"about":[{"href":"https:\/\/rivieracompany.com\/fr\/wp-json\/wp\/v2\/types\/page"}],"author":[{"embeddable":true,"href":"https:\/\/rivieracompany.com\/fr\/wp-json\/wp\/v2\/users\/15"}],"replies":[{"embeddable":true,"href":"https:\/\/rivieracompany.com\/fr\/wp-json\/wp\/v2\/comments?post=6893"}],"version-history":[{"count":0,"href":"https:\/\/rivieracompany.com\/fr\/wp-json\/wp\/v2\/pages\/6893\/revisions"}],"wp:attachment":[{"href":"https:\/\/rivieracompany.com\/fr\/wp-json\/wp\/v2\/media?parent=6893"}],"curies":[{"name":"wp","href":"https:\/\/api.w.org\/{rel}","templated":true}]}}