{"id":6895,"date":"2019-11-23T22:26:27","date_gmt":"2019-11-23T21:26:27","guid":{"rendered":"https:\/\/rivieracompany.com\/cgv\/"},"modified":"2019-11-26T16:50:37","modified_gmt":"2019-11-26T15:50:37","slug":"cgv","status":"publish","type":"page","link":"https:\/\/rivieracompany.com\/fr\/cgv\/","title":{"rendered":"CGV"},"content":{"rendered":"\t\t<div data-elementor-type=\"wp-post\" data-elementor-id=\"6895\" class=\"elementor elementor-6895 elementor-6373\">\n\t\t\t\t\t\t<div class=\"elementor-inner\">\n\t\t\t\t<div class=\"elementor-section-wrap\">\n\t\t\t\t\t\t\t\t\t<section class=\"elementor-section elementor-top-section elementor-element elementor-element-239c068 elementor-section-full_width elementor-section-height-default elementor-section-height-default\" data-id=\"239c068\" data-element_type=\"section\" data-settings=\"{&quot;background_background&quot;:&quot;classic&quot;}\">\n\t\t\t\t\t\t<div class=\"elementor-container elementor-column-gap-default\">\n\t\t\t\t\t\t\t<div class=\"elementor-row\">\n\t\t\t\t\t<div class=\"elementor-column elementor-col-100 elementor-top-column elementor-element elementor-element-3aac6fd\" data-id=\"3aac6fd\" data-element_type=\"column\">\n\t\t\t<div class=\"elementor-column-wrap elementor-element-populated\">\n\t\t\t\t\t\t\t<div class=\"elementor-widget-wrap\">\n\t\t\t\t\t\t<div class=\"elementor-element elementor-element-9fa4890 elementor-widget elementor-widget-spacer\" data-id=\"9fa4890\" data-element_type=\"widget\" data-widget_type=\"spacer.default\">\n\t\t\t\t<div class=\"elementor-widget-container\">\n\t\t\t\t\t<div class=\"elementor-spacer\">\n\t\t\t<div class=\"elementor-spacer-inner\"><\/div>\n\t\t<\/div>\n\t\t\t\t<\/div>\n\t\t\t\t<\/div>\n\t\t\t\t\t\t<\/div>\n\t\t\t\t\t<\/div>\n\t\t<\/div>\n\t\t\t\t\t\t\t\t<\/div>\n\t\t\t\t\t<\/div>\n\t\t<\/section>\n\t\t\t\t<section class=\"elementor-section elementor-top-section elementor-element elementor-element-321f00aa elementor-section-boxed elementor-section-height-default elementor-section-height-default\" data-id=\"321f00aa\" data-element_type=\"section\" data-settings=\"{&quot;background_background&quot;:&quot;classic&quot;}\">\n\t\t\t\t\t\t<div class=\"elementor-container elementor-column-gap-default\">\n\t\t\t\t\t\t\t<div class=\"elementor-row\">\n\t\t\t\t\t<div class=\"elementor-column elementor-col-100 elementor-top-column elementor-element elementor-element-14e2d277\" data-id=\"14e2d277\" data-element_type=\"column\" data-settings=\"{&quot;background_background&quot;:&quot;classic&quot;}\">\n\t\t\t<div class=\"elementor-column-wrap elementor-element-populated\">\n\t\t\t\t\t<div class=\"elementor-background-overlay\"><\/div>\n\t\t\t\t\t\t\t<div class=\"elementor-widget-wrap\">\n\t\t\t\t\t\t<div class=\"elementor-element elementor-element-412d1be elementor-widget elementor-widget-heading\" data-id=\"412d1be\" data-element_type=\"widget\" data-widget_type=\"heading.default\">\n\t\t\t\t<div class=\"elementor-widget-container\">\n\t\t\t<h1 class=\"elementor-heading-title elementor-size-default\">CGV<\/h1>\t\t<\/div>\n\t\t\t\t<\/div>\n\t\t\t\t<div class=\"elementor-element elementor-element-cb5be02 elementor-widget elementor-widget-text-editor\" data-id=\"cb5be02\" data-element_type=\"widget\" data-widget_type=\"text-editor.default\">\n\t\t\t\t<div class=\"elementor-widget-container\">\n\t\t\t\t\t\t\t\t<div class=\"elementor-text-editor elementor-clearfix\">\n\t\t\t\t<p><strong>ARTICLE 1<\/strong> : D\u00c9FINITION ET DOMAINE D&rsquo;APPLICATION<br \/>Est d\u00e9sign\u00e9 par \u00ab\u00a0le Client\u00a0\u00bb toute personne effectuant une r\u00e9servation avec RIVIERA COMPANY.<br \/>Est d\u00e9sign\u00e9 par \u00ab\u00a0le Passager\u00a0\u00bb tout b\u00e9n\u00e9ficiaire de la prestation de transport.<br \/>Riviera COMPANY propose 3 grands types de services de transport :<\/p>\n<p>&#8211; Le service Transfert Priv\u00e9 (a\u00e9roport, gare, h\u00f4tel, domicile&#8230;) : il s&rsquo;agit d&rsquo;une prestation de transport dont le lieu de d\u00e9part et le lieu d&rsquo;arriv\u00e9e sont pr\u00e9alablement renseign\u00e9s et d\u00e9finis par le Client.<br \/>&#8211; Le service Mise \u00e0 Disposition: cette prestation de transport permet au Passager de b\u00e9n\u00e9ficier durant une plage horaire pr\u00e9alablement d\u00e9finie par ses soins, des services v\u00e9hicule avec chauffeur de RIVIERA COMPANY<br \/>&#8211; Le service Excursion Touristique: ce service permet au Passager de d\u00e9couvrir une r\u00e9gion ou un lieu touristique selon un itin\u00e9raire et un programme pr\u00e9alablement \u00e9tablis par RIVIERA COMPANY.<\/p>\n<p><strong>ARTICLE 2<\/strong>\u00a0: TARIFS<br \/>Les tarifs sont \u00e9tablis en fonction des conditions \u00e9conomiques, des horaires, du type de service s\u00e9lectionn\u00e9 et des villes. Ils peuvent \u00e9voluer \u00e0 tout moment.<br \/>Toute modification des \u00e9l\u00e9ments ayant servi \u00e0 l&rsquo;\u00e9tablissement du tarif par le Passager le jour de la prestation peut entra\u00eener l&rsquo;application d&rsquo;un autre tarif (exemple : augmentation du nombre de passagers, allongement de la dur\u00e9e de la prestation, kilom\u00e9trage suppl\u00e9mentaire, changement de destination ou d&rsquo;itin\u00e9raire&#8230;).<br \/>Le tarif de jour s&rsquo;applique tous les jours de 6 heure \u00e0 23 heure, le tarif de nuit s&rsquo;applique de 23 heure \u00e0 6 heure.<br \/>Les retards lors des accueils aux gares ou a\u00e9roports faisant intervenir un forfait sont factur\u00e9s 0,80 euro la minute de jour et 1 euro la minute de nuit.<br \/>Toute prestation de transport est payable comptant \u00e0 son ach\u00e8vement ; si la personne transport\u00e9e a la qualit\u00e9 de \u00ab client en compte \u00bb, la prestation donne lieu \u00e0 la facturation payable \u00e0 r\u00e9ception, avant le 15 du mois suivant celui de son ex\u00e9cution.<br \/>Les bouquets d&rsquo;heures sont payables d&rsquo;avance. Les prix indiqu\u00e9s dans nos tarifs incluent la TVA au taux fix\u00e9 par les r\u00e9glementations en vigueur (Taux de TVA appliqu\u00e9 : 10%) pour les prestations de transports , le service chauffeur, le carburant et les assurances illimit\u00e9es \u00ab personnes transport\u00e9es \u00bb ; les p\u00e9ages, frais de parking et repas sont \u00e0 la charge des personnes transport\u00e9es.<br \/>Modes de paiement accept\u00e9s : Esp\u00e8ces, ch\u00e8ques,virement bancaire, cartes bancaires (Visa, American Express, Master Card&#8230;).<\/p>\n<p><strong>ARTICLE 3<\/strong>\u00a0: CONDITIONS D&rsquo;ANNULATION<br \/>Toute demande d&rsquo;annulation d&rsquo;une prestation doit \u00eatre adress\u00e9e au minimum 72 heures avant l&rsquo;heure du d\u00e9but de la prestation par t\u00e9l\u00e9phone ou e-mail.<br \/>En cas d&rsquo;annulation 48 heures avant l&rsquo;heure du d\u00e9but de la prestation, un r\u00e8glement de 50% de la totalit\u00e9 de la r\u00e9servation sera demand\u00e9.<br \/>Ce montant est port\u00e9 \u00e0 100% en cas d&rsquo;annulation 24 heures avant l&rsquo;heure du d\u00e9but de la prestation.<br \/>Seules les r\u00e9clamations re\u00e7ues dans le d\u00e9lai de huit jours suivants l&rsquo;ex\u00e9cution de la prestation de transport sont recevables.<\/p>\n<p><strong>ARTICLE 4<\/strong>\u00a0: CONDITIONS DE TRANSPORT<br \/>En mati\u00e8re de mise \u00e0 disposition le kilom\u00e9trage et le temps sont compt\u00e9s d\u00e9part garage , retour garage de plus toute heure commence est due.<br \/>Les bagages sont accept\u00e9s dans la limite de la capacit\u00e9 du ou des coffres de la voiture. Une voiture peut \u00eatre pr\u00e9vue sp\u00e9cialement \u00e0 cet effet.<br \/>Tous les v\u00e9hicules propos\u00e9s sont strictement non-fumeurs en application de la loi du 17 septembre 1977 En cas d&rsquo;indisponibilit\u00e9 du v\u00e9hicule choisi, RIVIERA COMPANY se r\u00e9serve le droit de mettre \u00e0 disposition du Passager un v\u00e9hicule de m\u00eame cat\u00e9gorie ou de cat\u00e9gorie sup\u00e9rieure.<br \/>Le personnel se r\u00e9serve le droit de refuser le transport de toute personne jug\u00e9e inapte (exemple : ivresse, violence verbale ou physique&#8230;), pouvant entra\u00eener un manquement \u00e0 la s\u00e9curit\u00e9 de l&rsquo;ensemble des personnes pr\u00e9sentes dans le v\u00e9hicule ainsi qu&rsquo;aux autres usagers de la route.<\/p>\n<p><strong>ARTICLE 5<\/strong>\u00a0: RESPONSABILITES<br \/>RIVIERA COMPANY ne pourrait \u00eatre tenu pour responsable en cas :<\/p>\n<p>&#8211; de vol, perte ou oubli des effets personnels et bagages laiss\u00e9s \u00e0 bord des v\u00e9hicules &#8211; de retard du chauffeur d\u00fb \u00e0 des conditions particuli\u00e8res (exemples : gr\u00e8ves, manifestations, conditions climatiques, difficult\u00e9s importantes de circulation)<br \/>Les Passagers doivent s&rsquo;assurer avant leurs mont\u00e9e dans le v\u00e9hicule, d&rsquo;\u00eatre en pleine possession d&rsquo;une pi\u00e8ce d&rsquo;identit\u00e9 \u00e0 jour.<\/p>\n<p><strong>ARTICLE 6<\/strong>\u00a0: CONFIDENTIALITE<br \/>Chaque mission fait l&rsquo;objet d&rsquo;une clause de confidentialit\u00e9. Aucune information concernant la mission n&rsquo;est confi\u00e9 \u00e0 un tiers.<\/p>\n<p><strong>ARTICLE 7<\/strong>\u00a0: SERVICE CLIENT<br \/>Pour toute information, question ou r\u00e9clamation, le service client de la soci\u00e9t\u00e9 Riviera COMPANY est \u00e0 votre disposition aux coordonn\u00e9es suivantes :<br \/>Num\u00e9ro du service client:\u00a0<strong>+33 (0)6 88 73 17 91<\/strong><br \/>E-mail:\u00a0<strong>contact@rivieracompany.com<\/strong><br \/>Tout client de RIVIERA COMPANY doit prendre imp\u00e9rativement connaissance des pr\u00e9sentes conditions g\u00e9n\u00e9rales de vente avant de passer commande et de nous retourner par mail la mention : \u00abJ&rsquo;accepte les conditions g\u00e9n\u00e9rales de vente de RIVIERA COMPANY \u00bb RIVIERA COMPANY se r\u00e9serve le droit de modifier les conditions g\u00e9n\u00e9rales de vente \u00e0 tout moment<\/p>\n\t\t\t\t\t<\/div>\n\t\t\t\t\t\t<\/div>\n\t\t\t\t<\/div>\n\t\t\t\t\t\t<\/div>\n\t\t\t\t\t<\/div>\n\t\t<\/div>\n\t\t\t\t\t\t\t\t<\/div>\n\t\t\t\t\t<\/div>\n\t\t<\/section>\n\t\t\t\t\t\t\t\t\t<\/div>\n\t\t\t<\/div>\n\t\t\t\t\t<\/div>\n\t\t","protected":false},"excerpt":{"rendered":"<p>CGV ARTICLE 1 : D\u00c9FINITION ET DOMAINE D&rsquo;APPLICATION Est d\u00e9sign\u00e9 par \u00ab\u00a0le Client\u00a0\u00bb toute personne effectuant une r\u00e9servation avec RIVIERA COMPANY. Est d\u00e9sign\u00e9 par \u00ab\u00a0le Passager\u00a0\u00bb tout b\u00e9n\u00e9ficiaire de la prestation de transport. Riviera COMPANY propose 3 grands types de services de transport : &#8211; Le service Transfert Priv\u00e9 (a\u00e9roport, gare, h\u00f4tel, domicile&#8230;) : il [&hellip;]<\/p>\n","protected":false},"author":15,"featured_media":0,"parent":0,"menu_order":8,"comment_status":"closed","ping_status":"closed","template":"","meta":{"_mi_skip_tracking":false},"yoast_head":"<!-- This site is optimized with the Yoast SEO plugin v19.14 - https:\/\/yoast.com\/wordpress\/plugins\/seo\/ -->\n<title>CGV | Riviera Company<\/title>\n<meta name=\"robots\" content=\"noindex, nofollow\" \/>\n<meta property=\"og:locale\" content=\"fr_FR\" \/>\n<meta property=\"og:type\" content=\"article\" \/>\n<meta property=\"og:title\" content=\"CGV | Riviera Company\" \/>\n<meta property=\"og:description\" content=\"CGV ARTICLE 1 : D\u00c9FINITION ET DOMAINE D&rsquo;APPLICATION Est d\u00e9sign\u00e9 par \u00ab\u00a0le Client\u00a0\u00bb toute personne effectuant une r\u00e9servation avec RIVIERA COMPANY. Est d\u00e9sign\u00e9 par \u00ab\u00a0le Passager\u00a0\u00bb tout b\u00e9n\u00e9ficiaire de la prestation de transport. Riviera COMPANY propose 3 grands types de services de transport : &#8211; Le service Transfert Priv\u00e9 (a\u00e9roport, gare, h\u00f4tel, domicile&#8230;) : il [&hellip;]\" \/>\n<meta property=\"og:url\" content=\"https:\/\/rivieracompany.com\/cgv\/\" \/>\n<meta property=\"og:site_name\" content=\"Riviera Company\" \/>\n<meta property=\"article:publisher\" content=\"https:\/\/www.facebook.com\/RivieraCompanyFR\/\" \/>\n<meta property=\"article:modified_time\" content=\"2019-11-26T15:50:37+00:00\" \/>\n<meta name=\"twitter:card\" content=\"summary_large_image\" \/>\n<meta name=\"twitter:site\" content=\"@rivieracompany\" \/>\n<meta name=\"twitter:label1\" content=\"Dur\u00e9e de lecture estim\u00e9e\" \/>\n\t<meta name=\"twitter:data1\" content=\"4 minutes\" \/>\n<script type=\"application\/ld+json\" class=\"yoast-schema-graph\">{\"@context\":\"https:\/\/schema.org\",\"@graph\":[{\"@type\":\"WebPage\",\"@id\":\"https:\/\/rivieracompany.com\/cgv\/\",\"url\":\"https:\/\/rivieracompany.com\/cgv\/\",\"name\":\"CGV | Riviera Company\",\"isPartOf\":{\"@id\":\"https:\/\/rivieracompany.com\/#website\"},\"datePublished\":\"2019-11-23T21:26:27+00:00\",\"dateModified\":\"2019-11-26T15:50:37+00:00\",\"breadcrumb\":{\"@id\":\"https:\/\/rivieracompany.com\/cgv\/#breadcrumb\"},\"inLanguage\":\"fr-FR\",\"potentialAction\":[{\"@type\":\"ReadAction\",\"target\":[\"https:\/\/rivieracompany.com\/cgv\/\"]}]},{\"@type\":\"BreadcrumbList\",\"@id\":\"https:\/\/rivieracompany.com\/cgv\/#breadcrumb\",\"itemListElement\":[{\"@type\":\"ListItem\",\"position\":1,\"name\":\"Accueil\",\"item\":\"https:\/\/rivieracompany.com\/\"},{\"@type\":\"ListItem\",\"position\":2,\"name\":\"CGV\"}]},{\"@type\":\"WebSite\",\"@id\":\"https:\/\/rivieracompany.com\/#website\",\"url\":\"https:\/\/rivieracompany.com\/\",\"name\":\"Riviera Company\",\"description\":\"Yacht Charter\",\"publisher\":{\"@id\":\"https:\/\/rivieracompany.com\/#organization\"},\"potentialAction\":[{\"@type\":\"SearchAction\",\"target\":{\"@type\":\"EntryPoint\",\"urlTemplate\":\"https:\/\/rivieracompany.com\/?s={search_term_string}\"},\"query-input\":\"required name=search_term_string\"}],\"inLanguage\":\"fr-FR\"},{\"@type\":\"Organization\",\"@id\":\"https:\/\/rivieracompany.com\/#organization\",\"name\":\"Riviera Company\",\"url\":\"https:\/\/rivieracompany.com\/\",\"logo\":{\"@type\":\"ImageObject\",\"inLanguage\":\"fr-FR\",\"@id\":\"https:\/\/rivieracompany.com\/#\/schema\/logo\/image\/\",\"url\":\"\",\"contentUrl\":\"\",\"caption\":\"Riviera Company\"},\"image\":{\"@id\":\"https:\/\/rivieracompany.com\/#\/schema\/logo\/image\/\"},\"sameAs\":[\"https:\/\/www.linkedin.com\/company\/riviera-company\/about\/\",\"https:\/\/www.facebook.com\/RivieraCompanyFR\/\",\"https:\/\/twitter.com\/rivieracompany\"]}]}<\/script>\n<!-- \/ Yoast SEO plugin. -->","yoast_head_json":{"title":"CGV | Riviera Company","robots":{"index":"noindex","follow":"nofollow"},"og_locale":"fr_FR","og_type":"article","og_title":"CGV | Riviera Company","og_description":"CGV ARTICLE 1 : D\u00c9FINITION ET DOMAINE D&rsquo;APPLICATION Est d\u00e9sign\u00e9 par \u00ab\u00a0le Client\u00a0\u00bb toute personne effectuant une r\u00e9servation avec RIVIERA COMPANY. Est d\u00e9sign\u00e9 par \u00ab\u00a0le Passager\u00a0\u00bb tout b\u00e9n\u00e9ficiaire de la prestation de transport. Riviera COMPANY propose 3 grands types de services de transport : &#8211; Le service Transfert Priv\u00e9 (a\u00e9roport, gare, h\u00f4tel, domicile&#8230;) : il [&hellip;]","og_url":"https:\/\/rivieracompany.com\/cgv\/","og_site_name":"Riviera Company","article_publisher":"https:\/\/www.facebook.com\/RivieraCompanyFR\/","article_modified_time":"2019-11-26T15:50:37+00:00","twitter_card":"summary_large_image","twitter_site":"@rivieracompany","twitter_misc":{"Dur\u00e9e de lecture estim\u00e9e":"4 minutes"},"schema":{"@context":"https:\/\/schema.org","@graph":[{"@type":"WebPage","@id":"https:\/\/rivieracompany.com\/cgv\/","url":"https:\/\/rivieracompany.com\/cgv\/","name":"CGV | Riviera Company","isPartOf":{"@id":"https:\/\/rivieracompany.com\/#website"},"datePublished":"2019-11-23T21:26:27+00:00","dateModified":"2019-11-26T15:50:37+00:00","breadcrumb":{"@id":"https:\/\/rivieracompany.com\/cgv\/#breadcrumb"},"inLanguage":"fr-FR","potentialAction":[{"@type":"ReadAction","target":["https:\/\/rivieracompany.com\/cgv\/"]}]},{"@type":"BreadcrumbList","@id":"https:\/\/rivieracompany.com\/cgv\/#breadcrumb","itemListElement":[{"@type":"ListItem","position":1,"name":"Accueil","item":"https:\/\/rivieracompany.com\/"},{"@type":"ListItem","position":2,"name":"CGV"}]},{"@type":"WebSite","@id":"https:\/\/rivieracompany.com\/#website","url":"https:\/\/rivieracompany.com\/","name":"Riviera Company","description":"Yacht Charter","publisher":{"@id":"https:\/\/rivieracompany.com\/#organization"},"potentialAction":[{"@type":"SearchAction","target":{"@type":"EntryPoint","urlTemplate":"https:\/\/rivieracompany.com\/?s={search_term_string}"},"query-input":"required name=search_term_string"}],"inLanguage":"fr-FR"},{"@type":"Organization","@id":"https:\/\/rivieracompany.com\/#organization","name":"Riviera Company","url":"https:\/\/rivieracompany.com\/","logo":{"@type":"ImageObject","inLanguage":"fr-FR","@id":"https:\/\/rivieracompany.com\/#\/schema\/logo\/image\/","url":"","contentUrl":"","caption":"Riviera Company"},"image":{"@id":"https:\/\/rivieracompany.com\/#\/schema\/logo\/image\/"},"sameAs":["https:\/\/www.linkedin.com\/company\/riviera-company\/about\/","https:\/\/www.facebook.com\/RivieraCompanyFR\/","https:\/\/twitter.com\/rivieracompany"]}]}},"_links":{"self":[{"href":"https:\/\/rivieracompany.com\/fr\/wp-json\/wp\/v2\/pages\/6895"}],"collection":[{"href":"https:\/\/rivieracompany.com\/fr\/wp-json\/wp\/v2\/pages"}],"about":[{"href":"https:\/\/rivieracompany.com\/fr\/wp-json\/wp\/v2\/types\/page"}],"author":[{"embeddable":true,"href":"https:\/\/rivieracompany.com\/fr\/wp-json\/wp\/v2\/users\/15"}],"replies":[{"embeddable":true,"href":"https:\/\/rivieracompany.com\/fr\/wp-json\/wp\/v2\/comments?post=6895"}],"version-history":[{"count":0,"href":"https:\/\/rivieracompany.com\/fr\/wp-json\/wp\/v2\/pages\/6895\/revisions"}],"wp:attachment":[{"href":"https:\/\/rivieracompany.com\/fr\/wp-json\/wp\/v2\/media?parent=6895"}],"curies":[{"name":"wp","href":"https:\/\/api.w.org\/{rel}","templated":true}]}}